{"id":25,"date":"2020-08-29T18:31:44","date_gmt":"2020-08-29T16:31:44","guid":{"rendered":"https:\/\/amos.s.mqd.at\/?page_id=25"},"modified":"2025-02-05T15:15:41","modified_gmt":"2025-02-05T14:15:41","slug":"angebote-services","status":"publish","type":"page","link":"https:\/\/observatory.at\/en\/angebote-services\/","title":{"rendered":"Services"},"content":{"rendered":"<strong>Due to the use of the observatory in remote astrophotography operations, only training courses for<br \/>\nastrophotography are currently possible.\u00a0<\/strong>\n<h2>\n\t\tPrivate tours\n\t<\/h2>\n\t<p>Unsere Sternwarte ist haupts\u00e4chlich auf Astrofotografie spezialisiert, weshalb klassische visuelle Beobachtungen &#8211; also ein Blick mit dem eigenen Auge durch das Teleskop &#8211; nur eingeschr\u00e4nkt m\u00f6glich sind. Das erneute Montieren und Kalibrieren der Kameras f\u00fcr den ferngesteuerten Betrieb erfordert zus\u00e4tzlichen Zeitaufwand.<\/p>\n<p>Wir bieten Ihnen jedoch F\u00fchrungen an, bei denen wir Himmelsobjekte mit dem Teleskop ansteuern, mehrere Sekunden belichten und Ihnen die Aufnahmen anschlie\u00dfend in Schwarz-Wei\u00df auf einem Bildschirm pr\u00e4sentieren.<\/p>\n<p>Die besten Beobachtungsbedingungen herrschen rund um den Neumond oder Halbmond. Zwar ist der Vollmond ein beeindruckender Anblick, doch sein Licht erschwert die Sicht auf lichtschw\u00e4chere Objekte &#8211; selbst mit unserem gro\u00dfen Teleskop.<\/p>\n<p><strong>Bookings from 150\u20ac, duration about 2 hours.<\/strong><\/p>\n<h2>\n\t\tAstro vacation\n\t<\/h2>\n\t<p>You are very interested in astronomy and spend your vacation in Carinthia?<\/p>\n<p>Es besteht die M\u00f6glichkeit unsere Sternwarte auch n\u00e4chteweise f\u00fcr Astrofotografie zu buchen. Wir haben Kooperationspartner auf der Gerlitzen und k\u00f6nnen ihnen auch bez. Unterkunft gerne weiter helfen.<\/p>\n<p><strong>Price on request.<\/strong><\/p>\n<h2>\n\t\tCorporate Events\n\t<\/h2>\n\t<p>We also offer events for companies, e.g. a \"H\u00fcttenzauber\" with a visit to the observatory. Just ask us which offers are possible.<\/p>\n<p><strong>Prices and possibilities on request.<\/strong><\/p>\n<h2>\n\t\tSchnupperkurs Astrofotografie &#038; Equipment Einschulung\n\t<\/h2>\n\t<p>You always wanted to get a first insight into astrophotography or you have bought your first telescope and need help in using it. We are happy to observe together with you on your device and explain the handling.<\/p>\n<p><strong>Price on request.<\/strong><\/p>","protected":false},"excerpt":{"rendered":"<p>Aufgrund der Nutzung der Sternwarte im Remote Astrofotografie Betrieb, sind derzeit nur Schulungen f\u00fcr Astrofotografie m\u00f6glich.\u00a0 Privatf\u00fchrungen Unsere Sternwarte ist haupts\u00e4chlich auf Astrofotografie spezialisiert, weshalb klassische visuelle Beobachtungen &#8211; also ein Blick mit dem eigenen Auge durch das Teleskop &#8211; nur eingeschr\u00e4nkt m\u00f6glich sind. Das erneute Montieren und Kalibrieren der Kameras f\u00fcr den ferngesteuerten Betrieb [&hellip;]<\/p>\n","protected":false},"author":1,"featured_media":0,"parent":0,"menu_order":0,"comment_status":"closed","ping_status":"closed","template":"","meta":{"_seopress_robots_primary_cat":"","_seopress_titles_title":"","_seopress_titles_desc":"","_seopress_robots_index":"","site-sidebar-layout":"no-sidebar","site-content-layout":"page-builder","ast-site-content-layout":"full-width-container","site-content-style":"unboxed","site-sidebar-style":"unboxed","ast-global-header-display":"","ast-banner-title-visibility":"","ast-main-header-display":"disabled","ast-hfb-above-header-display":"","ast-hfb-below-header-display":"","ast-hfb-mobile-header-display":"","site-post-title":"disabled","ast-breadcrumbs-content":"disabled","ast-featured-img":"disabled","footer-sml-layout":"disabled","ast-disable-related-posts":"","theme-transparent-header-meta":"disabled","adv-header-id-meta":"","stick-header-meta":"","header-above-stick-meta":"","header-main-stick-meta":"","header-below-stick-meta":"","astra-migrate-meta-layouts":"set","ast-page-background-enabled":"default","ast-page-background-meta":{"desktop":{"background-color":"","background-image":"","background-repeat":"repeat","background-position":"center center","background-size":"auto","background-attachment":"scroll","background-type":"","background-media":"","overlay-type":"","overlay-color":"","overlay-opacity":"","overlay-gradient":""},"tablet":{"background-color":"","background-image":"","background-repeat":"repeat","background-position":"center center","background-size":"auto","background-attachment":"scroll","background-type":"","background-media":"","overlay-type":"","overlay-color":"","overlay-opacity":"","overlay-gradient":""},"mobile":{"background-color":"","background-image":"","background-repeat":"repeat","background-position":"center center","background-size":"auto","background-attachment":"scroll","background-type":"","background-media":"","overlay-type":"","overlay-color":"","overlay-opacity":"","overlay-gradient":""}},"ast-content-background-meta":{"desktop":{"background-color":"var(--ast-global-color-5)","background-image":"","background-repeat":"repeat","background-position":"center center","background-size":"auto","background-attachment":"scroll","background-type":"","background-media":"","overlay-type":"","overlay-color":"","overlay-opacity":"","overlay-gradient":""},"tablet":{"background-color":"var(--ast-global-color-5)","background-image":"","background-repeat":"repeat","background-position":"center center","background-size":"auto","background-attachment":"scroll","background-type":"","background-media":"","overlay-type":"","overlay-color":"","overlay-opacity":"","overlay-gradient":""},"mobile":{"background-color":"var(--ast-global-color-5)","background-image":"","background-repeat":"repeat","background-position":"center center","background-size":"auto","background-attachment":"scroll","background-type":"","background-media":"","overlay-type":"","overlay-color":"","overlay-opacity":"","overlay-gradient":""}},"footnotes":""},"class_list":["post-25","page","type-page","status-publish","hentry"],"_links":{"self":[{"href":"https:\/\/observatory.at\/en\/wp-json\/wp\/v2\/pages\/25","targetHints":{"allow":["GET"]}}],"collection":[{"href":"https:\/\/observatory.at\/en\/wp-json\/wp\/v2\/pages"}],"about":[{"href":"https:\/\/observatory.at\/en\/wp-json\/wp\/v2\/types\/page"}],"author":[{"embeddable":true,"href":"https:\/\/observatory.at\/en\/wp-json\/wp\/v2\/users\/1"}],"replies":[{"embeddable":true,"href":"https:\/\/observatory.at\/en\/wp-json\/wp\/v2\/comments?post=25"}],"version-history":[{"count":15,"href":"https:\/\/observatory.at\/en\/wp-json\/wp\/v2\/pages\/25\/revisions"}],"predecessor-version":[{"id":1027,"href":"https:\/\/observatory.at\/en\/wp-json\/wp\/v2\/pages\/25\/revisions\/1027"}],"wp:attachment":[{"href":"https:\/\/observatory.at\/en\/wp-json\/wp\/v2\/media?parent=25"}],"curies":[{"name":"wp","href":"https:\/\/api.w.org\/{rel}","templated":true}]}}