{"id":207,"date":"2021-02-17T21:32:15","date_gmt":"2021-02-17T20:32:15","guid":{"rendered":"https:\/\/amos.s.mqd.at\/?page_id=207"},"modified":"2024-11-14T16:04:11","modified_gmt":"2024-11-14T15:04:11","slug":"wetter","status":"publish","type":"page","link":"https:\/\/observatory.at\/en\/wetter\/","title":{"rendered":"Weather"},"content":{"rendered":"<h3>\n\t\tWetterdaten der letzten 7 Tage des Observatoriums Kanzelh\u00f6he &copy; (ungepr\u00fcfte Daten)\n\t<\/h3>\n\t\t\t\t<a href=\"https:\/\/www.kso.ac.at\/tawes\/AirTemp.png\" target=\"_self\" itemprop=\"url\" rel=\"noopener\">\n\t\t\t\t<img decoding=\"async\" src=\"https:\/\/www.kso.ac.at\/tawes\/AirTemp.png\" alt=\"Temperatur\" itemprop=\"image\" title=\"AirTemp.png\" onerror=\"this.style.display='none'\"  \/>\n\t\t\t\t<\/a>\n\t\tTemperatur\n\t\t\t\t<a href=\"https:\/\/www.kso.ac.at\/tawes\/WindDir.png\" target=\"_self\" itemprop=\"url\" rel=\"noopener\">\n\t\t\t\t<img decoding=\"async\" src=\"https:\/\/www.kso.ac.at\/tawes\/WindDir.png\" alt=\"Windrichtung\" itemprop=\"image\" title=\"WindDir.png\" onerror=\"this.style.display='none'\"  \/>\n\t\t\t\t<\/a>\n\t\tWindrichtung\n\t\t\t\t<a href=\"https:\/\/www.kso.ac.at\/tawes\/RelHum.png\" target=\"_self\" itemprop=\"url\" rel=\"noopener\">\n\t\t\t\t<img decoding=\"async\" src=\"https:\/\/www.kso.ac.at\/tawes\/RelHum.png\" alt=\"Luftfeuchtigkeit\" itemprop=\"image\" title=\"RelHum.png\" onerror=\"this.style.display='none'\"  \/>\n\t\t\t\t<\/a>\n\t\tLuftfeuchtigkeit\n\t\t\t\t<a href=\"https:\/\/www.kso.ac.at\/tawes\/WindSpeed.png\" target=\"_self\" itemprop=\"url\" rel=\"noopener\">\n\t\t\t\t<img decoding=\"async\" src=\"https:\/\/www.kso.ac.at\/tawes\/WindSpeed.png\" alt=\"Windgeschwindigkeit\" itemprop=\"image\" title=\"WindSpeed.png\" onerror=\"this.style.display='none'\"  \/>\n\t\t\t\t<\/a>\n\t\tWindgeschwindigkeit\n\t\t\t\t<a href=\"https:\/\/www.kso.ac.at\/tawes\/Precip.png\" target=\"_self\" itemprop=\"url\" rel=\"noopener\">\n\t\t\t\t<img decoding=\"async\" src=\"https:\/\/www.kso.ac.at\/tawes\/Precip.png\" alt=\"Niederschlag\" itemprop=\"image\" title=\"Precip.png\" onerror=\"this.style.display='none'\"  \/>\n\t\t\t\t<\/a>\n\t\tNiederschlag\n\t\t\t\t<a href=\"https:\/\/www.kso.ac.at\/tawes\/SnowHeight.png\" target=\"_self\" itemprop=\"url\" rel=\"noopener\">\n\t\t\t\t<img decoding=\"async\" src=\"https:\/\/www.kso.ac.at\/tawes\/SnowHeight.png\" alt=\"Schneeh\u00f6he\" itemprop=\"image\" title=\"SnowHeight.png\" onerror=\"this.style.display='none'\"  \/>\n\t\t\t\t<\/a>\n\t\tSchneeh\u00f6he\n<h3>\n\t\tLive Wettercams\n\t<\/h3>\n\t\t\t\t<a href=\"http:\/\/gerlitzen.it-wms.com\/panorama1.jpg\" target=\"_self\" itemprop=\"url\" rel=\"noopener\">\n\t\t\t\t<img decoding=\"async\" src=\"http:\/\/gerlitzen.it-wms.com\/panorama1.jpg\" alt=\"Gerlitzen Gipfel &amp;copy; it-wms.com\" itemprop=\"image\" title=\"panorama1.jpg\" onerror=\"this.style.display='none'\"  \/>\n\t\t\t\t<\/a>\n\t\tGerlitzen Gipfel &copy; it-wms.com\n\t\t\t\t<a href=\"http:\/\/gerlitzen.it-wms.com\/current1.jpg\" target=\"_self\" itemprop=\"url\" rel=\"noopener\">\n\t\t\t\t<img decoding=\"async\" src=\"http:\/\/gerlitzen.it-wms.com\/current1.jpg\" alt=\"Gerlitzen &amp;copy; it-wms.com\" itemprop=\"image\" title=\"current1.jpg\" onerror=\"this.style.display='none'\"  \/>\n\t\t\t\t<\/a>\n\t\tGerlitzen &copy; it-wms.com\n\t\t\t\t<a href=\"http:\/\/gerlitzen.it-wms.com\/current2.jpg\" target=\"_self\" itemprop=\"url\" rel=\"noopener\">\n\t\t\t\t<img decoding=\"async\" src=\"http:\/\/gerlitzen.it-wms.com\/current2.jpg\" alt=\"Gerlitzen &amp;copy; it-wms.com\" itemprop=\"image\" title=\"current2.jpg\" onerror=\"this.style.display='none'\"  \/>\n\t\t\t\t<\/a>\n\t\tGerlitzen &copy; it-wms.com\n<h3>\n\t\t360 Panorama vom Observatorium Kanzelh\u00f6he &copy;\n\t<\/h3>\n\t\t\t\t<a href=\"https:\/\/www.kso.ac.at\/bilder\/b885_000.jpg\" target=\"_self\" itemprop=\"url\" rel=\"noopener\">\n\t\t\t\t<img decoding=\"async\" src=\"https:\/\/www.kso.ac.at\/bilder\/b885_000.jpg\" alt=\"Gerlitzen it-wms.com\" itemprop=\"image\" title=\"b885_000.jpg\" onerror=\"this.style.display='none'\"  \/>\n\t\t\t\t<\/a>\n\t\t\t\t<a href=\"https:\/\/www.kso.ac.at\/bilder\/b885_045.jpg\" target=\"_self\" itemprop=\"url\" rel=\"noopener\">\n\t\t\t\t<img decoding=\"async\" src=\"https:\/\/www.kso.ac.at\/bilder\/b885_045.jpg\" alt=\"Gerlitzen it-wms.com\" itemprop=\"image\" title=\"b885_045.jpg\" onerror=\"this.style.display='none'\"  \/>\n\t\t\t\t<\/a>\n\t\t\t\t<a href=\"https:\/\/www.kso.ac.at\/bilder\/b885_090.jpg\" target=\"_self\" itemprop=\"url\" rel=\"noopener\">\n\t\t\t\t<img decoding=\"async\" src=\"https:\/\/www.kso.ac.at\/bilder\/b885_090.jpg\" alt=\"Gerlitzen it-wms.com\" itemprop=\"image\" title=\"b885_090.jpg\" onerror=\"this.style.display='none'\"  \/>\n\t\t\t\t<\/a>\n\t\t\t\t<a href=\"https:\/\/www.kso.ac.at\/bilder\/b885_135.jpg\" target=\"_self\" itemprop=\"url\" rel=\"noopener\">\n\t\t\t\t<img decoding=\"async\" src=\"https:\/\/www.kso.ac.at\/bilder\/b885_135.jpg\" alt=\"Gerlitzen it-wms.com\" itemprop=\"image\" title=\"b885_135.jpg\" onerror=\"this.style.display='none'\"  \/>\n\t\t\t\t<\/a>\n\t\t\t\t<a href=\"https:\/\/www.kso.ac.at\/bilder\/b885_180.jpg\" target=\"_self\" itemprop=\"url\" rel=\"noopener\">\n\t\t\t\t<img decoding=\"async\" src=\"https:\/\/www.kso.ac.at\/bilder\/b885_180.jpg\" alt=\"Gerlitzen it-wms.com\" itemprop=\"image\" title=\"b885_180.jpg\" onerror=\"this.style.display='none'\"  \/>\n\t\t\t\t<\/a>\n\t\t\t\t<a href=\"https:\/\/www.kso.ac.at\/bilder\/b885_225.jpg\" target=\"_self\" itemprop=\"url\" rel=\"noopener\">\n\t\t\t\t<img decoding=\"async\" src=\"https:\/\/www.kso.ac.at\/bilder\/b885_225.jpg\" alt=\"Gerlitzen it-wms.com\" itemprop=\"image\" title=\"b885_225.jpg\" onerror=\"this.style.display='none'\"  \/>\n\t\t\t\t<\/a>\n\t\t\t\t<a href=\"https:\/\/www.kso.ac.at\/bilder\/b885_270.jpg\" target=\"_self\" itemprop=\"url\" rel=\"noopener\">\n\t\t\t\t<img decoding=\"async\" src=\"https:\/\/www.kso.ac.at\/bilder\/b885_270.jpg\" alt=\"Gerlitzen it-wms.com\" itemprop=\"image\" title=\"b885_270.jpg\" onerror=\"this.style.display='none'\"  \/>\n\t\t\t\t<\/a>\n\t\t\t\t<a href=\"https:\/\/www.kso.ac.at\/bilder\/b885_315.jpg\" target=\"_self\" itemprop=\"url\" rel=\"noopener\">\n\t\t\t\t<img decoding=\"async\" src=\"https:\/\/www.kso.ac.at\/bilder\/b885_315.jpg\" alt=\"Gerlitzen it-wms.com\" itemprop=\"image\" title=\"b885_315.jpg\" onerror=\"this.style.display='none'\"  \/>\n\t\t\t\t<\/a>\n\t\t\t\t<a href=\"https:\/\/www.kso.ac.at\/bilder\/b885_000.jpg\" target=\"_self\" itemprop=\"url\" rel=\"noopener\">\n\t\t\t\t<img decoding=\"async\" src=\"https:\/\/www.kso.ac.at\/bilder\/b885_000.jpg\" alt=\"Gerlitzen it-wms.com\" itemprop=\"image\" title=\"b885_000.jpg\" onerror=\"this.style.display='none'\"  \/>\n\t\t\t\t<\/a>\n<h3>\n\t\tBlickwinkel Richtung Gerlitze\n\t<\/h3>\n\t\t\t\t<a href=\"http:\/\/ossiach.it-wms.com\/big_current1.jpg\" target=\"_self\" itemprop=\"url\" rel=\"noopener\">\n\t\t\t\t<img decoding=\"async\" src=\"http:\/\/ossiach.it-wms.com\/big_current1.jpg\" alt=\"Ossiach in Richtung Dobratsch &amp;copy; it-wms.com\" itemprop=\"image\" title=\"big_current1.jpg\" onerror=\"this.style.display='none'\"  \/>\n\t\t\t\t<\/a>\n\t\tOssiach in Richtung Dobratsch &copy; it-wms.com\n\t\t\t\t<a href=\"http:\/\/ossiach.it-wms.com\/big_current2.jpg\" target=\"_self\" itemprop=\"url\" rel=\"noopener\">\n\t\t\t\t<img decoding=\"async\" src=\"http:\/\/ossiach.it-wms.com\/big_current2.jpg\" alt=\"Ossiach in Richtung Gerlitzen &amp;copy; it-wms.com\" itemprop=\"image\" title=\"big_current2.jpg\" onerror=\"this.style.display='none'\"  \/>\n\t\t\t\t<\/a>\n\t\tOssiach in Richtung Gerlitzen &copy; it-wms.com\n\t\t\t\t<a href=\"http:\/\/ossiach.it-wms.com\/panorama1.jpg\" target=\"_self\" itemprop=\"url\" rel=\"noopener\">\n\t\t\t\t<img decoding=\"async\" src=\"http:\/\/ossiach.it-wms.com\/panorama1.jpg\" alt=\"Ossiach Panorama &amp;copy; it-wms.com\" itemprop=\"image\" title=\"panorama1.jpg\" onerror=\"this.style.display='none'\"  \/>\n\t\t\t\t<\/a>\n\t\tOssiach Panorama &copy; it-wms.com\n<h3>\n\t\tSatellitenbilder\n\t<\/h3>\n\t\t\t\t<a href=\"https:\/\/www.austrocontrol.at\/jart\/met\/radar\/satloop.gif\" target=\"_self\" itemprop=\"url\" rel=\"noopener\">\n\t\t\t\t<img decoding=\"async\" src=\"https:\/\/www.austrocontrol.at\/jart\/met\/radar\/satloop.gif\" alt=\"Europa &amp;copy; Austrocontrol\" itemprop=\"image\" title=\"satloop.gif\" onerror=\"this.style.display='none'\"  \/>\n\t\t\t\t<\/a>\n\t\tEuropa &copy; Austrocontrol\n\t\t\t\t<a href=\"https:\/\/www.zamg.ac.at\/dyn\/pictures\/sat.gif\" target=\"_self\" itemprop=\"url\" rel=\"noopener\">\n\t\t\t\t<img decoding=\"async\" src=\"https:\/\/www.zamg.ac.at\/dyn\/pictures\/sat.gif\" alt=\"Europa &amp;copy; ZAMG\" itemprop=\"image\" title=\"sat.gif\" onerror=\"this.style.display='none'\"  \/>\n\t\t\t\t<\/a>\n\t\tEuropa &copy; ZAMG\n\t\t\t\t<a href=\"https:\/\/www.wetterzentrale.de\/maps\/d2uic.jpg\" target=\"_self\" itemprop=\"url\" rel=\"noopener\">\n\t\t\t\t<img decoding=\"async\" src=\"https:\/\/www.wetterzentrale.de\/maps\/d2uic.jpg\" alt=\"Europa &amp;copy; wetterzentrale.de\" itemprop=\"image\" title=\"d2uic.jpg\" onerror=\"this.style.display='none'\"  \/>\n\t\t\t\t<\/a>\n\t\tEuropa &copy; wetterzentrale.de\n\t\t\t\t<a href=\"https:\/\/www.vulgomoser.at\/wetter\/pcws\/Mittelpunktblick-0.jpg\" target=\"_self\" itemprop=\"url\" rel=\"noopener\">\n\t\t\t\t<img decoding=\"async\" src=\"https:\/\/www.vulgomoser.at\/wetter\/pcws\/Mittelpunktblick-0.jpg\" alt=\"Arriach in Richtung Gerlitze &amp;copy; vulgomoser.at\" itemprop=\"image\" title=\"Mittelpunktblick-0.jpg\" onerror=\"this.style.display='none'\"  \/>\n\t\t\t\t<\/a>\n\t\tArriach in Richtung Gerlitze &copy; vulgomoser.at\n\t<p>Die hier verlinkten Satelitenbilder und Webcams wurden nur zur \u00fcbersichtlichen Darstelltung der Wettersituation im Bereich der Gerlitze in K\u00e4rnten zusammengefasst und sind nicht Eigentum des AMOS Observatory. Alle Rechte liegen bei den Eigent\u00fcmern der Satelitenbilder und Webcams. Das AMOS Observatory hat keinen Einfluss auf die Funktionalit\u00e4t und den Inhalt der einzelnen Verlinkungen. Keine kommerzielle Verwendung dieser Seite gestattet.<\/p>","protected":false},"excerpt":{"rendered":"<p>Wetterdaten der letzten 7 Tage des Observatoriums Kanzelh\u00f6he &copy; (ungepr\u00fcfte Daten) Temperatur Windrichtung Luftfeuchtigkeit Windgeschwindigkeit Niederschlag Schneeh\u00f6he Live Wettercams Gerlitzen Gipfel &copy; it-wms.com Gerlitzen &copy; it-wms.com Gerlitzen &copy; it-wms.com 360 Panorama vom Observatorium Kanzelh\u00f6he &copy; Blickwinkel Richtung Gerlitze Ossiach in Richtung Dobratsch &copy; it-wms.com Ossiach in Richtung Gerlitzen &copy; it-wms.com Ossiach Panorama &copy; it-wms.com Satellitenbilder [&hellip;]<\/p>\n","protected":false},"author":1,"featured_media":0,"parent":0,"menu_order":0,"comment_status":"closed","ping_status":"closed","template":"","meta":{"_seopress_robots_primary_cat":"","_seopress_titles_title":"","_seopress_titles_desc":"","_seopress_robots_index":"","site-sidebar-layout":"no-sidebar","site-content-layout":"page-builder","ast-site-content-layout":"full-width-container","site-content-style":"unboxed","site-sidebar-style":"unboxed","ast-global-header-display":"","ast-banner-title-visibility":"","ast-main-header-display":"","ast-hfb-above-header-display":"","ast-hfb-below-header-display":"","ast-hfb-mobile-header-display":"","site-post-title":"disabled","ast-breadcrumbs-content":"","ast-featured-img":"disabled","footer-sml-layout":"","ast-disable-related-posts":"","theme-transparent-header-meta":"disabled","adv-header-id-meta":"","stick-header-meta":"","header-above-stick-meta":"","header-main-stick-meta":"","header-below-stick-meta":"","astra-migrate-meta-layouts":"set","ast-page-background-enabled":"default","ast-page-background-meta":{"desktop":{"background-color":"","background-image":"","background-repeat":"repeat","background-position":"center center","background-size":"auto","background-attachment":"scroll","background-type":"","background-media":"","overlay-type":"","overlay-color":"","overlay-opacity":"","overlay-gradient":""},"tablet":{"background-color":"","background-image":"","background-repeat":"repeat","background-position":"center center","background-size":"auto","background-attachment":"scroll","background-type":"","background-media":"","overlay-type":"","overlay-color":"","overlay-opacity":"","overlay-gradient":""},"mobile":{"background-color":"","background-image":"","background-repeat":"repeat","background-position":"center center","background-size":"auto","background-attachment":"scroll","background-type":"","background-media":"","overlay-type":"","overlay-color":"","overlay-opacity":"","overlay-gradient":""}},"ast-content-background-meta":{"desktop":{"background-color":"var(--ast-global-color-5)","background-image":"","background-repeat":"repeat","background-position":"center center","background-size":"auto","background-attachment":"scroll","background-type":"","background-media":"","overlay-type":"","overlay-color":"","overlay-opacity":"","overlay-gradient":""},"tablet":{"background-color":"var(--ast-global-color-5)","background-image":"","background-repeat":"repeat","background-position":"center center","background-size":"auto","background-attachment":"scroll","background-type":"","background-media":"","overlay-type":"","overlay-color":"","overlay-opacity":"","overlay-gradient":""},"mobile":{"background-color":"var(--ast-global-color-5)","background-image":"","background-repeat":"repeat","background-position":"center center","background-size":"auto","background-attachment":"scroll","background-type":"","background-media":"","overlay-type":"","overlay-color":"","overlay-opacity":"","overlay-gradient":""}},"footnotes":""},"class_list":["post-207","page","type-page","status-publish","hentry"],"_links":{"self":[{"href":"https:\/\/observatory.at\/en\/wp-json\/wp\/v2\/pages\/207","targetHints":{"allow":["GET"]}}],"collection":[{"href":"https:\/\/observatory.at\/en\/wp-json\/wp\/v2\/pages"}],"about":[{"href":"https:\/\/observatory.at\/en\/wp-json\/wp\/v2\/types\/page"}],"author":[{"embeddable":true,"href":"https:\/\/observatory.at\/en\/wp-json\/wp\/v2\/users\/1"}],"replies":[{"embeddable":true,"href":"https:\/\/observatory.at\/en\/wp-json\/wp\/v2\/comments?post=207"}],"version-history":[{"count":23,"href":"https:\/\/observatory.at\/en\/wp-json\/wp\/v2\/pages\/207\/revisions"}],"predecessor-version":[{"id":1023,"href":"https:\/\/observatory.at\/en\/wp-json\/wp\/v2\/pages\/207\/revisions\/1023"}],"wp:attachment":[{"href":"https:\/\/observatory.at\/en\/wp-json\/wp\/v2\/media?parent=207"}],"curies":[{"name":"wp","href":"https:\/\/api.w.org\/{rel}","templated":true}]}}