{"id":2,"date":"2019-04-10T08:07:21","date_gmt":"2019-04-10T08:07:21","guid":{"rendered":"https:\/\/blue.s.mqd.at\/?page_id=2"},"modified":"2023-01-04T13:21:47","modified_gmt":"2023-01-04T12:21:47","slug":"sample-page","status":"publish","type":"page","link":"https:\/\/observatory.at\/en\/","title":{"rendered":"Welcome!"},"content":{"rendered":"<a href=\"https:\/\/observatory.at\/wp-content\/uploads\/2021\/02\/MG_0589.jpg\" target=\"_self\" itemprop=\"url\" rel=\"noopener\">\n\t\t\t\t<img decoding=\"async\" src=\"https:\/\/observatory.at\/wp-content\/uploads\/2021\/02\/MG_0589.jpg\" alt=\"Telescope RC16\" itemprop=\"image\" height=\"1915\" width=\"1277\" title=\"Telescope RC16\" onerror=\"this.style.display='none'\"  \/>\n\t\t\t\t<\/a>\n<h3>\n\t\tHi. I&#8217;m a H3 section title.\n\t<\/h3>\n\t<p>Our observatory is located in the middle of Carinthia at about 1600m above sea level on the Gerlitzen. The location was the optimal place for us to build a new observatory because of its position. On the one hand, we still have a dark night sky, especially when there is fog in the valley during the winter months, and on the other hand, we have the possibility to reach the observatory by car all year round. From Villach one is in 30 minutes or from Klagenfurt 45 minutes at our observatory and can see if the weather plays along, a dreamlike dark sky.<\/p>\n<p>At the sight of the Milky Way, as it disappears with its nebulae and foothills behind the Karawanken, some visitors have already caught their breath. Even during the day, the forecourt of the observatory offers a fantastic panorama with a view from Lake Ossiach over Lake W\u00f6rtersee to Klagenfurt and far beyond the Koralpe and west to East Tyrol.<\/p>\n\t<p>Especially on the mountain, the clear nights are often accompanied by icy temperatures with up to -25\u00b0C, sometimes even colder. Since one can only withstand such temperatures for a certain time, it is a small luxury to be able to retreat to a heated room while the CCD camera is running in the dome. This room is also very convenient for guided tours and lectures. Especially pleasant is the possibility to use the observatory remotely for astrophotography via the internet. So to speak, you can look at the stars from your comfortable couch.<\/p>\n\t\t\t\t<a href=\"https:\/\/observatory.at\/wp-content\/uploads\/2021\/02\/MG_1208-scaled.jpg\" target=\"_self\" itemprop=\"url\" rel=\"noopener\">\n\t\t\t\t<img decoding=\"async\" src=\"https:\/\/observatory.at\/wp-content\/uploads\/2021\/02\/MG_1208-scaled.jpg\" alt=\"AMOS Observatory\" itemprop=\"image\" height=\"1707\" width=\"2560\" title=\"AMOS Observatory\" onerror=\"this.style.display='none'\"  \/>\n\t\t\t\t<\/a>\n\t\t\t\t<a href=\"https:\/\/www.youtube.com\/watch?v=BEpsGuVQkNM&#038;t=7s\" target=\"_blank\" rel=\"noopener\" itemprop=\"url\">\n\t\t\t\t<img decoding=\"async\" src=\"https:\/\/observatory.at\/wp-content\/uploads\/2023\/01\/Youtube-AMOS-Observatory.png\" alt=\"Youtube-AMOS Observatory\" itemprop=\"image\" height=\"618\" width=\"1100\" title=\"Youtube-AMOS Observatory\" onerror=\"this.style.display='none'\"  \/>\n\t\t\t\t<\/a>","protected":false},"excerpt":{"rendered":"<p>Hi. I&#8217;m a H3 section title. Unsere Sternwarte liegt mitten in K\u00e4rnten auf rund 1600m Seeh\u00f6he auf der Gerlitzen. Der Standort war wegen seiner Lage f\u00fcr uns der optimale Platz f\u00fcr die Errichtung einer neuen Sternwarte. Zum einen haben wir noch einen dunklen Nachthimmel, besonders dann wenn im Tal in den Wintermonaten der Nebel liegt, [&hellip;]<\/p>\n","protected":false},"author":1,"featured_media":0,"parent":0,"menu_order":0,"comment_status":"closed","ping_status":"closed","template":"","meta":{"_seopress_robots_primary_cat":"","_seopress_titles_title":"","_seopress_titles_desc":"","_seopress_robots_index":"","site-sidebar-layout":"no-sidebar","site-content-layout":"page-builder","ast-site-content-layout":"default","site-content-style":"default","site-sidebar-style":"default","ast-global-header-display":"","ast-banner-title-visibility":"","ast-main-header-display":"","ast-hfb-above-header-display":"","ast-hfb-below-header-display":"","ast-hfb-mobile-header-display":"","site-post-title":"disabled","ast-breadcrumbs-content":"","ast-featured-img":"disabled","footer-sml-layout":"","ast-disable-related-posts":"","theme-transparent-header-meta":"default","adv-header-id-meta":"","stick-header-meta":"","header-above-stick-meta":"","header-main-stick-meta":"","header-below-stick-meta":"","astra-migrate-meta-layouts":"default","ast-page-background-enabled":"default","ast-page-background-meta":{"desktop":{"background-color":"","background-image":"","background-repeat":"repeat","background-position":"center center","background-size":"auto","background-attachment":"scroll","background-type":"","background-media":"","overlay-type":"","overlay-color":"","overlay-opacity":"","overlay-gradient":""},"tablet":{"background-color":"","background-image":"","background-repeat":"repeat","background-position":"center center","background-size":"auto","background-attachment":"scroll","background-type":"","background-media":"","overlay-type":"","overlay-color":"","overlay-opacity":"","overlay-gradient":""},"mobile":{"background-color":"","background-image":"","background-repeat":"repeat","background-position":"center center","background-size":"auto","background-attachment":"scroll","background-type":"","background-media":"","overlay-type":"","overlay-color":"","overlay-opacity":"","overlay-gradient":""}},"ast-content-background-meta":{"desktop":{"background-color":"var(--ast-global-color-5)","background-image":"","background-repeat":"repeat","background-position":"center center","background-size":"auto","background-attachment":"scroll","background-type":"","background-media":"","overlay-type":"","overlay-color":"","overlay-opacity":"","overlay-gradient":""},"tablet":{"background-color":"var(--ast-global-color-5)","background-image":"","background-repeat":"repeat","background-position":"center center","background-size":"auto","background-attachment":"scroll","background-type":"","background-media":"","overlay-type":"","overlay-color":"","overlay-opacity":"","overlay-gradient":""},"mobile":{"background-color":"var(--ast-global-color-5)","background-image":"","background-repeat":"repeat","background-position":"center center","background-size":"auto","background-attachment":"scroll","background-type":"","background-media":"","overlay-type":"","overlay-color":"","overlay-opacity":"","overlay-gradient":""}},"footnotes":""},"class_list":["post-2","page","type-page","status-publish","hentry"],"_links":{"self":[{"href":"https:\/\/observatory.at\/en\/wp-json\/wp\/v2\/pages\/2","targetHints":{"allow":["GET"]}}],"collection":[{"href":"https:\/\/observatory.at\/en\/wp-json\/wp\/v2\/pages"}],"about":[{"href":"https:\/\/observatory.at\/en\/wp-json\/wp\/v2\/types\/page"}],"author":[{"embeddable":true,"href":"https:\/\/observatory.at\/en\/wp-json\/wp\/v2\/users\/1"}],"replies":[{"embeddable":true,"href":"https:\/\/observatory.at\/en\/wp-json\/wp\/v2\/comments?post=2"}],"version-history":[{"count":47,"href":"https:\/\/observatory.at\/en\/wp-json\/wp\/v2\/pages\/2\/revisions"}],"predecessor-version":[{"id":678,"href":"https:\/\/observatory.at\/en\/wp-json\/wp\/v2\/pages\/2\/revisions\/678"}],"wp:attachment":[{"href":"https:\/\/observatory.at\/en\/wp-json\/wp\/v2\/media?parent=2"}],"curies":[{"name":"wp","href":"https:\/\/api.w.org\/{rel}","templated":true}]}}